{"id":267,"date":"2023-09-12T22:15:07","date_gmt":"2023-09-13T02:15:07","guid":{"rendered":"https:\/\/sanabrines.com\/?page_id=267"},"modified":"2023-09-13T09:55:36","modified_gmt":"2023-09-13T13:55:36","slug":"quienes-somos","status":"publish","type":"page","link":"https:\/\/sanabrines.com\/index.php\/quienes-somos\/","title":{"rendered":"Quienes somos?"},"content":{"rendered":"<p>[et_pb_section fb_built=\u00bb1&#8243; _builder_version=\u00bb4.14.9&#8243; _module_preset=\u00bbdefault\u00bb global_colors_info=\u00bb{}\u00bb][et_pb_row column_structure=\u00bb1_2,1_2&#8243; _builder_version=\u00bb4.14.9&#8243; _module_preset=\u00bbdefault\u00bb global_colors_info=\u00bb{}\u00bb][et_pb_column type=\u00bb1_2&#8243; _builder_version=\u00bb4.14.9&#8243; _module_preset=\u00bbdefault\u00bb global_colors_info=\u00bb{}\u00bb][et_pb_image src=\u00bbhttp:\/\/sanabrines.com\/wp-content\/uploads\/2023\/07\/escudo-sanabrines.png\u00bb title_text=\u00bbescudo-sanabrines\u00bb align=\u00bbcenter\u00bb _builder_version=\u00bb4.14.9&#8243; _module_preset=\u00bbdefault\u00bb width=\u00bb50%\u00bb max_width=\u00bb50%\u00bb global_colors_info=\u00bb{}\u00bb][\/et_pb_image][et_pb_text _builder_version=\u00bb4.14.9&#8243; _module_preset=\u00bbdefault\u00bb text_font=\u00bb|700|||||||\u00bb text_text_color=\u00bb#E09900&#8243; text_font_size=\u00bb30px\u00bb global_colors_info=\u00bb{}\u00bb]<\/p>\n<p style=\"text-align: center;\">Sanabrines.com<\/p>\n<p>[\/et_pb_text][\/et_pb_column][et_pb_column type=\u00bb1_2&#8243; _builder_version=\u00bb4.14.9&#8243; _module_preset=\u00bbdefault\u00bb global_colors_info=\u00bb{}\u00bb][et_pb_text _builder_version=\u00bb4.14.9&#8243; _module_preset=\u00bbdefault\u00bb global_colors_info=\u00bb{}\u00bb]<\/p>\n<p>Somos una Revista Web Digital dedicada al entretenimiento y la difusi\u00f3n de la informaci\u00f3n de forma transparente veraz. no somos un medio de comunicaci\u00f3n legalmente establecido en Bolivia, somos un nuevo medio de comunicaci\u00f3n digital independiente.<\/p>\n<p style=\"text-align: justify;\">Somos una organizaci\u00f3n sin fines de lucro dedicada al entretenimiento y difusi\u00f3n de la informaci\u00f3n como tambi\u00e9n el debate pol\u00edtico desarrollo de la comunidad a nivel internacional.<br \/>La p\u00e1gina inicial con intenci\u00f3n de crear un canal de difusi\u00f3n dedicada al mundo del entretenimiento blogger pero esta idea ha evolucionado conforme se ha dado nuevos retos y nuevos objetivos, los cu\u00e1les evolucionan en la creaci\u00f3n de la revista digital Qu\u00e9 puede abarcar miles de ideas emitir las de forma objetiva Imparcial inadi ci\u00f3n de la informaci\u00f3n a todo aquel que la vea y la escuch\u00e9.<br \/>Est\u00e1 revista surge con la idea de crear un motor blog dedicada a la difusi\u00f3n del mundo de las motos pero ya mente no quise encerrarme en una idea solamente y es mejor abrir los brazos la mente pode ideas nuevas que puedan generar beneficios la comunidad internacional.<br \/>Nuestros valores est\u00e1n planteados en la verdad la justicia y la libertad ciertamente podr\u00edamos pecar de pol\u00edticos en alg\u00fan momento pero la pol\u00edtica no es mala Es una herramienta que se ha usado durante miles de a\u00f1os para el bien com\u00fan y aquellos que tergiversan la pol\u00edtica los mal llamados pol\u00edticos qu\u00e9 a su vez consideramos que son gente a pol\u00edtica o pseudo pol\u00edticos que qu\u00e9 a t\u00e9rminos vulgares podr\u00edamos denominar los politiqueros.<br \/>Dentro de nuestros valores aborrecemos la corrupci\u00f3n y el chantaje.<\/p>\n<p>[\/et_pb_text][et_pb_button button_url=\u00bbhttp:\/\/sanabrines.com\/wp-content\/uploads\/2023\/09\/r37048.pdf\u00bb button_text=\u00bbVer\u00bb button_alignment=\u00bbcenter\u00bb _builder_version=\u00bb4.14.9&#8243; _module_preset=\u00bbdefault\u00bb custom_button=\u00bbon\u00bb button_text_size=\u00bb15px\u00bb button_text_color=\u00bb#FFFFFF\u00bb button_bg_color=\u00bb#E02B20&#8243; button_icon=\u00bb&#x68;||divi||400&#8243; hover_enabled=\u00bb0&#8243; global_colors_info=\u00bb{}\u00bb sticky_enabled=\u00bb0&#8243;][\/et_pb_button][\/et_pb_column][\/et_pb_row][\/et_pb_section]<\/p>\n","protected":false},"excerpt":{"rendered":"<p>Sanabrines.comSomos una Revista Web Digital dedicada al entretenimiento y la difusi\u00f3n de la informaci\u00f3n de forma transparente veraz. no somos un medio de comunicaci\u00f3n legalmente establecido en Bolivia, somos un nuevo medio de comunicaci\u00f3n digital independiente. Somos una organizaci\u00f3n sin fines de lucro dedicada al entretenimiento y difusi\u00f3n de la informaci\u00f3n como tambi\u00e9n el debate [&hellip;]<\/p>\n","protected":false},"author":1,"featured_media":0,"parent":0,"menu_order":0,"comment_status":"closed","ping_status":"closed","template":"","meta":{"_et_pb_use_builder":"on","_et_pb_old_content":"","_et_gb_content_width":""},"yst_prominent_words":[],"_links":{"self":[{"href":"https:\/\/sanabrines.com\/index.php\/wp-json\/wp\/v2\/pages\/267"}],"collection":[{"href":"https:\/\/sanabrines.com\/index.php\/wp-json\/wp\/v2\/pages"}],"about":[{"href":"https:\/\/sanabrines.com\/index.php\/wp-json\/wp\/v2\/types\/page"}],"author":[{"embeddable":true,"href":"https:\/\/sanabrines.com\/index.php\/wp-json\/wp\/v2\/users\/1"}],"replies":[{"embeddable":true,"href":"https:\/\/sanabrines.com\/index.php\/wp-json\/wp\/v2\/comments?post=267"}],"version-history":[{"count":7,"href":"https:\/\/sanabrines.com\/index.php\/wp-json\/wp\/v2\/pages\/267\/revisions"}],"predecessor-version":[{"id":288,"href":"https:\/\/sanabrines.com\/index.php\/wp-json\/wp\/v2\/pages\/267\/revisions\/288"}],"wp:attachment":[{"href":"https:\/\/sanabrines.com\/index.php\/wp-json\/wp\/v2\/media?parent=267"}],"wp:term":[{"taxonomy":"yst_prominent_words","embeddable":true,"href":"https:\/\/sanabrines.com\/index.php\/wp-json\/wp\/v2\/yst_prominent_words?post=267"}],"curies":[{"name":"wp","href":"https:\/\/api.w.org\/{rel}","templated":true}]}}